{"id":2876,"date":"2016-09-05T10:56:21","date_gmt":"2016-09-05T10:56:21","guid":{"rendered":"http:\/\/demo.goodlayers.com\/realfactory\/?page_id=2876"},"modified":"2025-01-27T22:18:06","modified_gmt":"2025-01-27T21:18:06","slug":"about-us","status":"publish","type":"page","link":"https:\/\/pinoffice.ba\/index.php\/about-us\/","title":{"rendered":"O nama"},"content":{"rendered":"\n<p>&#8220;Projektovanje i nadzor Office&#8221; d.o.o. (PIN Office d.o.o.) je firma osnovana 2021 god. sa sjedi\u0161tem u Sarajevu. Osniva\u010d firme je Jasmin Kupus dipl.in\u017e.gra\u0111. koji je nakon dugogodi\u0161njeg rada u gra\u0111evinarstvu, izvo\u0111enju, projektovanju i nadzoru pokrenuo firmu u privatnom vlasni\u0161tvu, sa osnovanim ciljem da investitorima u gra\u0111evinarstvu pru\u017ei kvalitetne usluge i projektnu dokumentaciju po kojoj \u0107e se izvoditi radovi.<\/p>\n\n\n\n<p>Dugogodi\u0161nje iskustvo \u010dlanova na\u0161eg tima, kako na doma\u0107em tako i na inostranom tr\u017ei\u0161tu \u0107e na\u0161im klijentima osigurati pravovremene konsultacije u svakoj fazi realizacije projekta, uklju\u010duju\u0107i planiranje, projektovanje, nadzor i gra\u0111enje.<\/p>\n\n\n\n<p>Projektnu dokumentaciju radimo uz pomo\u0107 savremenih softvera, koriste\u0107i \u0161iroku lepezu znanja i iskustava ste\u010denih pri realizaciji prethodnih projekata. Prate\u0107i najnovije trendove u projektovanju konstrukcija koristimo softvere za 3D projektovanje, te na taj na\u010din na\u0161im klijentima pru\u017eamo potpunu kontrolu nad cjelokupnim konstruktivnim rje\u0161enjem kao i sagledavanje kriti\u010dnih mjesta projekta. Te\u017eimo da primjenjujemo rje\u0161enja koja su lako izvodiva na gradili\u0161tu, te ne zahtijevaju specijalne i skupe zahvate prilikom izvo\u0111enja.&nbsp;<\/p>\n\n\n\n<p>Nadzor nad izvo\u0111enjem radova vr\u0161imo stru\u010dno i savjesno prema va\u017ee\u0107oj zakonskoj regulativi, standardima i tehni\u010dkim uslovima. Pored zakonskih i strukovno ustaljenih obaveza nadzora pri implementaciji proaktivno djelujemo, te pru\u017eamo investitoru uvid u mogu\u0107a druga\u010dija rje\u0161enja i&nbsp; pobolj\u0161anja dijelova objekta. Na\u0161 tim in\u017eenjera \u0107e Vam pru\u017eiti svu potrebnu tehni\u010dku pomo\u0107 i odgovoriti adekvatno na sva va\u0161a pitanja i zadatke. Cilj na\u0161e saradnje sa klijentima je posti\u0107i visokokvalitetna rje\u0161enja.<\/p>\n","protected":false},"excerpt":{"rendered":"<p>&#8220;Projektovanje i nadzor Office&#8221; d.o.o. (PIN Office d.o.o.) je firma osnovana 2021 god. sa sjedi\u0161tem u Sarajevu. Osniva\u010d firme je Jasmin Kupus dipl.in\u017e.gra\u0111. koji je nakon dugogodi\u0161njeg rada u gra\u0111evinarstvu, izvo\u0111enju, projektovanju i nadzoru pokrenuo firmu u privatnom vlasni\u0161tvu, sa osnovanim ciljem da investitorima u gra\u0111evinarstvu pru\u017ei kvalitetne usluge i projektnu dokumentaciju po kojoj \u0107e [&hellip;]<\/p>\n","protected":false},"author":1,"featured_media":4376,"parent":0,"menu_order":0,"comment_status":"closed","ping_status":"closed","template":"","meta":{"footnotes":""},"class_list":["post-2876","page","type-page","status-publish","has-post-thumbnail","hentry"],"yoast_head":"<!-- This site is optimized with the Yoast SEO plugin v24.3 - https:\/\/yoast.com\/wordpress\/plugins\/seo\/ -->\n<title>O nama - PIN Office<\/title>\n<meta name=\"robots\" content=\"index, follow, max-snippet:-1, max-image-preview:large, max-video-preview:-1\" \/>\n<link rel=\"canonical\" href=\"https:\/\/pinoffice.ba\/index.php\/about-us\/\" \/>\n<meta property=\"og:locale\" content=\"en_US\" \/>\n<meta property=\"og:type\" content=\"article\" \/>\n<meta property=\"og:title\" content=\"O nama - PIN Office\" \/>\n<meta property=\"og:description\" content=\"&#8220;Projektovanje i nadzor Office&#8221; d.o.o. (PIN Office d.o.o.) je firma osnovana 2021 god. sa sjedi\u0161tem u Sarajevu. Osniva\u010d firme je Jasmin Kupus dipl.in\u017e.gra\u0111. koji je nakon dugogodi\u0161njeg rada u gra\u0111evinarstvu, izvo\u0111enju, projektovanju i nadzoru pokrenuo firmu u privatnom vlasni\u0161tvu, sa osnovanim ciljem da investitorima u gra\u0111evinarstvu pru\u017ei kvalitetne usluge i projektnu dokumentaciju po kojoj \u0107e [&hellip;]\" \/>\n<meta property=\"og:url\" content=\"https:\/\/pinoffice.ba\/index.php\/about-us\/\" \/>\n<meta property=\"og:site_name\" content=\"PIN Office\" \/>\n<meta property=\"article:modified_time\" content=\"2025-01-27T21:18:06+00:00\" \/>\n<meta property=\"og:image\" content=\"https:\/\/pinoffice.ba\/wp-content\/uploads\/2025\/01\/WhatsApp-Slika-2024-08-28-u-23.11.19_b55c035e-1.jpg\" \/>\n\t<meta property=\"og:image:width\" content=\"1600\" \/>\n\t<meta property=\"og:image:height\" content=\"1200\" \/>\n\t<meta property=\"og:image:type\" content=\"image\/jpeg\" \/>\n<meta name=\"twitter:card\" content=\"summary_large_image\" \/>\n<meta name=\"twitter:label1\" content=\"Est. reading time\" \/>\n\t<meta name=\"twitter:data1\" content=\"2 minutes\" \/>\n<script type=\"application\/ld+json\" class=\"yoast-schema-graph\">{\"@context\":\"https:\/\/schema.org\",\"@graph\":[{\"@type\":\"WebPage\",\"@id\":\"https:\/\/pinoffice.ba\/index.php\/about-us\/\",\"url\":\"https:\/\/pinoffice.ba\/index.php\/about-us\/\",\"name\":\"O nama - PIN Office\",\"isPartOf\":{\"@id\":\"https:\/\/pinoffice.ba\/#website\"},\"primaryImageOfPage\":{\"@id\":\"https:\/\/pinoffice.ba\/index.php\/about-us\/#primaryimage\"},\"image\":{\"@id\":\"https:\/\/pinoffice.ba\/index.php\/about-us\/#primaryimage\"},\"thumbnailUrl\":\"https:\/\/pinoffice.ba\/wp-content\/uploads\/2025\/01\/WhatsApp-Slika-2024-08-28-u-23.11.19_b55c035e-1.jpg\",\"datePublished\":\"2016-09-05T10:56:21+00:00\",\"dateModified\":\"2025-01-27T21:18:06+00:00\",\"breadcrumb\":{\"@id\":\"https:\/\/pinoffice.ba\/index.php\/about-us\/#breadcrumb\"},\"inLanguage\":\"en-US\",\"potentialAction\":[{\"@type\":\"ReadAction\",\"target\":[\"https:\/\/pinoffice.ba\/index.php\/about-us\/\"]}]},{\"@type\":\"ImageObject\",\"inLanguage\":\"en-US\",\"@id\":\"https:\/\/pinoffice.ba\/index.php\/about-us\/#primaryimage\",\"url\":\"https:\/\/pinoffice.ba\/wp-content\/uploads\/2025\/01\/WhatsApp-Slika-2024-08-28-u-23.11.19_b55c035e-1.jpg\",\"contentUrl\":\"https:\/\/pinoffice.ba\/wp-content\/uploads\/2025\/01\/WhatsApp-Slika-2024-08-28-u-23.11.19_b55c035e-1.jpg\",\"width\":1600,\"height\":1200},{\"@type\":\"BreadcrumbList\",\"@id\":\"https:\/\/pinoffice.ba\/index.php\/about-us\/#breadcrumb\",\"itemListElement\":[{\"@type\":\"ListItem\",\"position\":1,\"name\":\"Home\",\"item\":\"https:\/\/pinoffice.ba\/\"},{\"@type\":\"ListItem\",\"position\":2,\"name\":\"O nama\"}]},{\"@type\":\"WebSite\",\"@id\":\"https:\/\/pinoffice.ba\/#website\",\"url\":\"https:\/\/pinoffice.ba\/\",\"name\":\"PIN Office\",\"description\":\"\",\"potentialAction\":[{\"@type\":\"SearchAction\",\"target\":{\"@type\":\"EntryPoint\",\"urlTemplate\":\"https:\/\/pinoffice.ba\/?s={search_term_string}\"},\"query-input\":{\"@type\":\"PropertyValueSpecification\",\"valueRequired\":true,\"valueName\":\"search_term_string\"}}],\"inLanguage\":\"en-US\"}]}<\/script>\n<!-- \/ Yoast SEO plugin. -->","yoast_head_json":{"title":"O nama - PIN Office","robots":{"index":"index","follow":"follow","max-snippet":"max-snippet:-1","max-image-preview":"max-image-preview:large","max-video-preview":"max-video-preview:-1"},"canonical":"https:\/\/pinoffice.ba\/index.php\/about-us\/","og_locale":"en_US","og_type":"article","og_title":"O nama - PIN Office","og_description":"&#8220;Projektovanje i nadzor Office&#8221; d.o.o. (PIN Office d.o.o.) je firma osnovana 2021 god. sa sjedi\u0161tem u Sarajevu. Osniva\u010d firme je Jasmin Kupus dipl.in\u017e.gra\u0111. koji je nakon dugogodi\u0161njeg rada u gra\u0111evinarstvu, izvo\u0111enju, projektovanju i nadzoru pokrenuo firmu u privatnom vlasni\u0161tvu, sa osnovanim ciljem da investitorima u gra\u0111evinarstvu pru\u017ei kvalitetne usluge i projektnu dokumentaciju po kojoj \u0107e [&hellip;]","og_url":"https:\/\/pinoffice.ba\/index.php\/about-us\/","og_site_name":"PIN Office","article_modified_time":"2025-01-27T21:18:06+00:00","og_image":[{"width":1600,"height":1200,"url":"https:\/\/pinoffice.ba\/wp-content\/uploads\/2025\/01\/WhatsApp-Slika-2024-08-28-u-23.11.19_b55c035e-1.jpg","type":"image\/jpeg"}],"twitter_card":"summary_large_image","twitter_misc":{"Est. reading time":"2 minutes"},"schema":{"@context":"https:\/\/schema.org","@graph":[{"@type":"WebPage","@id":"https:\/\/pinoffice.ba\/index.php\/about-us\/","url":"https:\/\/pinoffice.ba\/index.php\/about-us\/","name":"O nama - PIN Office","isPartOf":{"@id":"https:\/\/pinoffice.ba\/#website"},"primaryImageOfPage":{"@id":"https:\/\/pinoffice.ba\/index.php\/about-us\/#primaryimage"},"image":{"@id":"https:\/\/pinoffice.ba\/index.php\/about-us\/#primaryimage"},"thumbnailUrl":"https:\/\/pinoffice.ba\/wp-content\/uploads\/2025\/01\/WhatsApp-Slika-2024-08-28-u-23.11.19_b55c035e-1.jpg","datePublished":"2016-09-05T10:56:21+00:00","dateModified":"2025-01-27T21:18:06+00:00","breadcrumb":{"@id":"https:\/\/pinoffice.ba\/index.php\/about-us\/#breadcrumb"},"inLanguage":"en-US","potentialAction":[{"@type":"ReadAction","target":["https:\/\/pinoffice.ba\/index.php\/about-us\/"]}]},{"@type":"ImageObject","inLanguage":"en-US","@id":"https:\/\/pinoffice.ba\/index.php\/about-us\/#primaryimage","url":"https:\/\/pinoffice.ba\/wp-content\/uploads\/2025\/01\/WhatsApp-Slika-2024-08-28-u-23.11.19_b55c035e-1.jpg","contentUrl":"https:\/\/pinoffice.ba\/wp-content\/uploads\/2025\/01\/WhatsApp-Slika-2024-08-28-u-23.11.19_b55c035e-1.jpg","width":1600,"height":1200},{"@type":"BreadcrumbList","@id":"https:\/\/pinoffice.ba\/index.php\/about-us\/#breadcrumb","itemListElement":[{"@type":"ListItem","position":1,"name":"Home","item":"https:\/\/pinoffice.ba\/"},{"@type":"ListItem","position":2,"name":"O nama"}]},{"@type":"WebSite","@id":"https:\/\/pinoffice.ba\/#website","url":"https:\/\/pinoffice.ba\/","name":"PIN Office","description":"","potentialAction":[{"@type":"SearchAction","target":{"@type":"EntryPoint","urlTemplate":"https:\/\/pinoffice.ba\/?s={search_term_string}"},"query-input":{"@type":"PropertyValueSpecification","valueRequired":true,"valueName":"search_term_string"}}],"inLanguage":"en-US"}]}},"_links":{"self":[{"href":"https:\/\/pinoffice.ba\/index.php\/wp-json\/wp\/v2\/pages\/2876","targetHints":{"allow":["GET"]}}],"collection":[{"href":"https:\/\/pinoffice.ba\/index.php\/wp-json\/wp\/v2\/pages"}],"about":[{"href":"https:\/\/pinoffice.ba\/index.php\/wp-json\/wp\/v2\/types\/page"}],"author":[{"embeddable":true,"href":"https:\/\/pinoffice.ba\/index.php\/wp-json\/wp\/v2\/users\/1"}],"replies":[{"embeddable":true,"href":"https:\/\/pinoffice.ba\/index.php\/wp-json\/wp\/v2\/comments?post=2876"}],"version-history":[{"count":5,"href":"https:\/\/pinoffice.ba\/index.php\/wp-json\/wp\/v2\/pages\/2876\/revisions"}],"predecessor-version":[{"id":4483,"href":"https:\/\/pinoffice.ba\/index.php\/wp-json\/wp\/v2\/pages\/2876\/revisions\/4483"}],"wp:featuredmedia":[{"embeddable":true,"href":"https:\/\/pinoffice.ba\/index.php\/wp-json\/wp\/v2\/media\/4376"}],"wp:attachment":[{"href":"https:\/\/pinoffice.ba\/index.php\/wp-json\/wp\/v2\/media?parent=2876"}],"curies":[{"name":"wp","href":"https:\/\/api.w.org\/{rel}","templated":true}]}}